{"id":8914,"date":"2018-10-04T18:07:27","date_gmt":"2018-10-04T23:07:27","guid":{"rendered":"https:\/\/inkajungletour.com\/cookies\/"},"modified":"2018-10-04T18:21:34","modified_gmt":"2018-10-04T23:21:34","slug":"cookies","status":"publish","type":"page","link":"https:\/\/inkajungletour.com\/fr\/cookies\/","title":{"rendered":"Cookies"},"content":{"rendered":"<h3>Qu\u2019est-ce qu\u2019un cookie ?<\/h3>\n<p>Un cookie est un petit fichier texte sauvegard\u00e9 sur votre ordinateur lorsque vous visitez un site web. Ce fichier texte enregistre des informations qui peuvent \u00eatre lues par un site web lorsque vous le visitez de nouveau plus tard. Ils ont notamment pour but de collecter des informations relatives \u00e0 votre navigation et de vous adresser des services personnalis\u00e9s. Dans votre ordinateur les cookies sont g\u00e9r\u00e9s par votre navigateur internet. Certains de ces cookies sont n\u00e9cessaires pour acc\u00e9der \u00e0 certaines fonctionnalit\u00e9s d\u2019un site. D\u2019autres cookies sont d\u2019utilit\u00e9 pratique pour le visiteur : ils sauvegardent de mani\u00e8re s\u00e9curis\u00e9e vos pr\u00e9f\u00e9rences linguistiques par exemple. Les cookies signifient tout simplement qu\u2019\u00e0 chaque fois que vous visitez un site web, vous n\u2019avez pas besoin de saisir \u00e0 nouveau les m\u00eames informations. En utilisant notre site internet, vous nous donnez votre consentement libre, sans ambigu\u00eft\u00e9 et en connaissance de cause \u00e0 l&rsquo;utilisation des cookies et des outils de suivi mentionn\u00e9s dans la pr\u00e9sente politique.<\/p>\n<h3>Pourquoi Inka Jungle Tour utilise des cookies ?<\/h3>\n<ul>\n<li>Pour \u00e9tablir des statistiques et volumes de fr\u00e9quentation et d&rsquo;utilisation des divers \u00e9l\u00e9ments composant le site internet, afin d\u2019optimiser la performance du site.<\/li>\n<li>Pour m\u00e9moriser des informations relatives \u00e0 un formulaire que vous avez rempli sur le site internet (inscription ou acc\u00e8s au compte) ou \u00e0 des produits, services ou informations que vous avez choisis sur le Site (langue choisie, contenu d&rsquo;un panier de commande, etc.), afin de vous fournir une exp\u00e9rience utilisateur optimale et adapt\u00e9e \u00e0 vos pr\u00e9f\u00e9rences personnelles.<\/li>\n<li>Pour mettre en \u0153uvre des mesures de s\u00e9curit\u00e9, par exemple lorsqu&rsquo;un acc\u00e8s r\u00e9serv\u00e9 est r\u00e9voqu\u00e9 apr\u00e8s un certain laps de temps.<\/li>\n<\/ul>\n<p>Ces donn\u00e9es sont recueillies anonymement.<\/p>\n<h3>Comment puis-je d\u00e9sactiver les cookies ?<\/h3>\n<p>Vous pouvez param\u00e9trer votre navigateur Internet pour d\u00e9sactiver les cookies. Notez toutefois que si vous d\u00e9sactivez les cookies, votre nom d\u2019utilisateur ainsi que votre mot de passe ne seront plus sauvegard\u00e9s sur aucun site web.<\/p>\n<h4>Firefox:<\/h4>\n<ol>\n<li>Ouvrez Firefox<\/li>\n<li>Appuyez sur la touche \u00ab Alt \u00bb<\/li>\n<li>Dans le menu en haut de la page cliquez sur \u00ab Outils \u00bb puis \u00ab Options \u00bb<\/li>\n<li>S\u00e9lectionnez l\u2019onglet \u00ab Vie priv\u00e9e \u00bb<\/li>\n<li>Dans le menu d\u00e9roulant \u00e0 droite de \u00ab R\u00e8gles de conservation \u00bb, cliquez sur \u00ab utiliser les param\u00e8tres personnalis\u00e9s pour l\u2019historique \u00bb<\/li>\n<li>Un peu plus bas, d\u00e9cochez \u00ab Accepter les cookies \u00bb<\/li>\n<li>Sauvegardez vos pr\u00e9f\u00e9rences en cliquant sur \u00ab OK \u00bb<\/li>\n<\/ol>\n<h4>Internet Explorer:<\/h4>\n<ol>\n<li>Ouvrez Internet Explorer<\/li>\n<li>Dans le menu \u00ab Outils \u00bb, s\u00e9lectionnez \u00ab Options Internet \u00bb<\/li>\n<li>Cliquez sur l\u2019onglet \u00ab Confidentialit\u00e9 \u00bb<\/li>\n<li>Cliquez sur \u00ab Avanc\u00e9 \u00bb et d\u00e9cochez \u00ab Accepter \u00bb<\/li>\n<li>Sauvegardez vos pr\u00e9f\u00e9rences en cliquant sur \u00ab OK \u00bb<\/li>\n<\/ol>\n<h4>Google Chrome:<\/h4>\n<ol>\n<li>Ouvrez Google Chrome<\/li>\n<li>Cliquez sur l\u2019ic\u00f4ne d\u2019outils dans la barre de menu<\/li>\n<li>S\u00e9lectionnez \u00ab Options \u00bb<\/li>\n<li>Cliquez sur l\u2019onglet \u00ab Options avanc\u00e9es \u00bb<\/li>\n<li>Dans le menu d\u00e9roulant \u00ab Param\u00e8tres des cookies \u00bb, s\u00e9lectionnez \u00ab Bloquer tous les cookies \u00bb<\/li>\n<\/ol>\n<h4>Safari:<\/h4>\n<ol>\n<li>Ouvrez Safari<\/li>\n<li>Dans la barre de menu en haut, cliquez sur \u00ab Safari \u00bb, puis \u00ab Pr\u00e9f\u00e9rences \u00bb<\/li>\n<li>S\u00e9lectionnez l\u2019ic\u00f4ne \u00ab S\u00e9curit\u00e9 \u00bb<\/li>\n<li>\u00c0 c\u00f4t\u00e9 de \u00ab Accepter les cookies \u00bb, cochez \u00ab Jamais \u00bb<\/li>\n<li>Si vous souhaitez voir les cookies qui sont d\u00e9j\u00e0 sauvegard\u00e9s sur votre ordinateur, cliquez sur \u00ab Afficher les cookies \u00bb<\/li>\n<\/ol>\n","protected":false},"excerpt":{"rendered":"<p>Qu\u2019est-ce qu\u2019un cookie ? Un cookie est un petit fichier texte sauvegard\u00e9 sur votre ordinateur lorsque vous visitez un site web. Ce fichier texte enregistre des informations qui peuvent \u00eatre lues par un site web lorsque vous le visitez de nouveau plus tard. Ils ont notamment pour but de collecter des informations relatives \u00e0 votre [&hellip;]<\/p>\n","protected":false},"author":1,"featured_media":6218,"parent":0,"menu_order":0,"comment_status":"closed","ping_status":"closed","template":"","meta":{"footnotes":""},"class_list":["post-8914","page","type-page","status-publish","has-post-thumbnail","hentry"],"_links":{"self":[{"href":"https:\/\/inkajungletour.com\/fr\/wp-json\/wp\/v2\/pages\/8914","targetHints":{"allow":["GET"]}}],"collection":[{"href":"https:\/\/inkajungletour.com\/fr\/wp-json\/wp\/v2\/pages"}],"about":[{"href":"https:\/\/inkajungletour.com\/fr\/wp-json\/wp\/v2\/types\/page"}],"author":[{"embeddable":true,"href":"https:\/\/inkajungletour.com\/fr\/wp-json\/wp\/v2\/users\/1"}],"replies":[{"embeddable":true,"href":"https:\/\/inkajungletour.com\/fr\/wp-json\/wp\/v2\/comments?post=8914"}],"version-history":[{"count":2,"href":"https:\/\/inkajungletour.com\/fr\/wp-json\/wp\/v2\/pages\/8914\/revisions"}],"predecessor-version":[{"id":8916,"href":"https:\/\/inkajungletour.com\/fr\/wp-json\/wp\/v2\/pages\/8914\/revisions\/8916"}],"wp:featuredmedia":[{"embeddable":true,"href":"https:\/\/inkajungletour.com\/fr\/wp-json\/wp\/v2\/media\/6218"}],"wp:attachment":[{"href":"https:\/\/inkajungletour.com\/fr\/wp-json\/wp\/v2\/media?parent=8914"}],"curies":[{"name":"wp","href":"https:\/\/api.w.org\/{rel}","templated":true}]}}