{"id":11053,"date":"2018-10-04T15:21:18","date_gmt":"2018-10-04T20:21:18","guid":{"rendered":"https:\/\/inkajungletour.com\/reservas\/"},"modified":"2019-10-29T22:35:34","modified_gmt":"2019-10-30T03:35:34","slug":"reservation","status":"publish","type":"page","link":"https:\/\/inkajungletour.com\/fr\/reservation\/","title":{"rendered":"R\u00e9servation"},"content":{"rendered":"<p><strong>Ce processus n\u00e9cessite les donn\u00e9es compl\u00e8tes et r\u00e9elles de chaque participant via le formulaire.<\/strong><\/p>\n<p>[NEXForms id=\u00a0\u00bb15&Prime;]<\/p>\n","protected":false},"excerpt":{"rendered":"<p>Ce processus n\u00e9cessite les donn\u00e9es compl\u00e8tes et r\u00e9elles de chaque participant via le formulaire. [NEXForms id=\u00a0\u00bb15&Prime;]<\/p>\n","protected":false},"author":1,"featured_media":6218,"parent":0,"menu_order":0,"comment_status":"closed","ping_status":"closed","template":"","meta":{"footnotes":""},"class_list":["post-11053","page","type-page","status-publish","has-post-thumbnail","hentry"],"_links":{"self":[{"href":"https:\/\/inkajungletour.com\/fr\/wp-json\/wp\/v2\/pages\/11053","targetHints":{"allow":["GET"]}}],"collection":[{"href":"https:\/\/inkajungletour.com\/fr\/wp-json\/wp\/v2\/pages"}],"about":[{"href":"https:\/\/inkajungletour.com\/fr\/wp-json\/wp\/v2\/types\/page"}],"author":[{"embeddable":true,"href":"https:\/\/inkajungletour.com\/fr\/wp-json\/wp\/v2\/users\/1"}],"replies":[{"embeddable":true,"href":"https:\/\/inkajungletour.com\/fr\/wp-json\/wp\/v2\/comments?post=11053"}],"version-history":[{"count":6,"href":"https:\/\/inkajungletour.com\/fr\/wp-json\/wp\/v2\/pages\/11053\/revisions"}],"predecessor-version":[{"id":11434,"href":"https:\/\/inkajungletour.com\/fr\/wp-json\/wp\/v2\/pages\/11053\/revisions\/11434"}],"wp:featuredmedia":[{"embeddable":true,"href":"https:\/\/inkajungletour.com\/fr\/wp-json\/wp\/v2\/media\/6218"}],"wp:attachment":[{"href":"https:\/\/inkajungletour.com\/fr\/wp-json\/wp\/v2\/media?parent=11053"}],"curies":[{"name":"wp","href":"https:\/\/api.w.org\/{rel}","templated":true}]}}